{"id":7,"date":"2012-02-01T08:19:10","date_gmt":"2012-02-01T07:19:10","guid":{"rendered":"http:\/\/smb-engineering.de\/smb-engineering\/?page_id=7"},"modified":"2023-08-08T10:42:49","modified_gmt":"2023-08-08T09:42:49","slug":"leistung","status":"publish","type":"page","link":"http:\/\/www.smb-engineering.de\/?page_id=7","title":{"rendered":"Engineering"},"content":{"rendered":"<h1><\/h1>\n<h1><strong><em><span style=\"color: #0b8bff;\">Ihr kompetenter Partner f\u00fcr Engineering im Bereich X-RAY Systeme<\/span><br \/>\n<\/em><\/strong><\/h1>\n<p style=\"text-align: justify;\">SMB Engineering bietet Ihnen effiziente M\u00f6glichkeiten, Ihre eigene Kapazit\u00e4ten im Bereich der&nbsp;Entwicklung- Konstruktion zu optimieren oder uns die Projektleitung f\u00fcr den Maschinen- und Anlagenbau zu \u00fcbertragen.<\/p>\n<p style=\"text-align: justify;\">Leistungen im Bereich <strong>Engineering<\/strong>&nbsp;umfassen folgende T\u00e4tigkeiten:<\/p>\n<ul>\n<li><strong>Projektierung<\/strong><\/li>\n<li><strong>Modellierung<\/strong><\/li>\n<li><strong>Entwicklung<\/strong><\/li>\n<li><strong>Simulation<\/strong><\/li>\n<li><strong>Berechnungen<\/strong><\/li>\n<li><strong>Optimierung<\/strong><\/li>\n<li><strong>Planung<\/strong><\/li>\n<li><strong>3D-Konstruktion<\/strong><\/li>\n<li><strong>2D- Zeichnungen<\/strong><\/li>\n<li><strong>Detailkonstruktion<\/strong><\/li>\n<li><strong>Dokumentation<\/strong><\/li>\n<li><strong>komplette Betreuung der&nbsp; Produktentwicklung.<\/strong><\/li>\n<li><strong>Individuelle L\u00f6sungen<\/strong><\/li>\n<\/ul>\n<p><img loading=\"lazy\" decoding=\"async\" class=\"aligncenter size-full wp-image-237\" src=\"http:\/\/www.smb-engineering.de\/wp-content\/uploads\/2019\/10\/XR-100Z_Strahlenschutzsystem2.jpg\" alt=\"\" width=\"640\" height=\"475\" srcset=\"http:\/\/www.smb-engineering.de\/wp-content\/uploads\/2019\/10\/XR-100Z_Strahlenschutzsystem2.jpg 640w, http:\/\/www.smb-engineering.de\/wp-content\/uploads\/2019\/10\/XR-100Z_Strahlenschutzsystem2-300x223.jpg 300w, http:\/\/www.smb-engineering.de\/wp-content\/uploads\/2019\/10\/XR-100Z_Strahlenschutzsystem2-404x300.jpg 404w\" sizes=\"auto, (max-width: 640px) 100vw, 640px\" \/><\/p>\n<p>&nbsp;<\/p>\n","protected":false},"excerpt":{"rendered":"<p>Ihr kompetenter Partner f\u00fcr Engineering im Bereich X-RAY Systeme SMB Engineering bietet Ihnen effiziente M\u00f6glichkeiten, Ihre eigene Kapazit\u00e4ten im Bereich der&nbsp;Entwicklung- Konstruktion zu optimieren oder uns die Projektleitung f\u00fcr den Maschinen- und Anlagenbau zu \u00fcbertragen. Leistungen im Bereich Engineering&nbsp;umfassen folgende &hellip; <a href=\"http:\/\/www.smb-engineering.de\/?page_id=7\">Continue reading <span class=\"meta-nav\">&rarr;<\/span><\/a><\/p>\n","protected":false},"author":1,"featured_media":0,"parent":0,"menu_order":0,"comment_status":"closed","ping_status":"closed","template":"","meta":{"footnotes":""},"class_list":["post-7","page","type-page","status-publish","hentry"],"_links":{"self":[{"href":"http:\/\/www.smb-engineering.de\/index.php?rest_route=\/wp\/v2\/pages\/7","targetHints":{"allow":["GET"]}}],"collection":[{"href":"http:\/\/www.smb-engineering.de\/index.php?rest_route=\/wp\/v2\/pages"}],"about":[{"href":"http:\/\/www.smb-engineering.de\/index.php?rest_route=\/wp\/v2\/types\/page"}],"author":[{"embeddable":true,"href":"http:\/\/www.smb-engineering.de\/index.php?rest_route=\/wp\/v2\/users\/1"}],"replies":[{"embeddable":true,"href":"http:\/\/www.smb-engineering.de\/index.php?rest_route=%2Fwp%2Fv2%2Fcomments&post=7"}],"version-history":[{"count":52,"href":"http:\/\/www.smb-engineering.de\/index.php?rest_route=\/wp\/v2\/pages\/7\/revisions"}],"predecessor-version":[{"id":499,"href":"http:\/\/www.smb-engineering.de\/index.php?rest_route=\/wp\/v2\/pages\/7\/revisions\/499"}],"wp:attachment":[{"href":"http:\/\/www.smb-engineering.de\/index.php?rest_route=%2Fwp%2Fv2%2Fmedia&parent=7"}],"curies":[{"name":"wp","href":"https:\/\/api.w.org\/{rel}","templated":true}]}}